{"id":3122,"date":"2020-05-27T02:33:24","date_gmt":"2020-05-26T22:33:24","guid":{"rendered":"http:\/\/keshikchidagh-heritage.az\/?page_id=3122"},"modified":"2024-12-28T20:47:53","modified_gmt":"2024-12-28T16:47:53","slug":"call-to-action","status":"publish","type":"page","link":"https:\/\/keshikchidagh-heritage.az\/ru_RU\/call-to-action","title":{"rendered":"call to action"},"content":{"rendered":"<h2 style=\"text-align: left; color: white;\">Ke\u015fik\u00e7ida\u011f ma\u011faralar kompleksi<\/h2>\n<p>Ke\u015fik\u00e7ida\u011f ma\u011faralar kompleksi qoruq elan edildikd\u0259n sonra \u0259razid\u0259 tarixi abid\u0259l\u0259rin qeydiyyat\u0131n\u0131 apar\u0131lark\u0259n \u0130lham \u018fliyev ad\u0131na zirv\u0259 d\u0259 qoruq daxilind\u0259 monumental abid\u0259 kimi qeydiyyata al\u0131nm\u0131\u015fd\u0131r. Qoru\u011fa g\u0259l\u0259n turistl\u0259r v\u0259 ekskursiya\u00e7\u0131lar ma\u011fara m\u0259b\u0259dl\u0259r\u0259, tarixi abid\u0259l\u0259ri ziyar\u0259t ed\u0259rk\u0259n \u0130lham \u018fliyev\u00a0 ad\u0131na zirv\u0259nin \u00f6n\u00fcnd\u0259 xatir\u0259 \u015f\u0259kili \u00e7\u0259kdirirl\u0259r. Qoru\u011fun \u0259m\u0259kda\u015flar\u0131 t\u0259r\u0259find\u0259n zirv\u0259 m\u00fct\u0259madi olaraq qorunur v\u0259 abadla\u015fd\u0131r\u0131l\u0131r.<\/p>\n","protected":false},"excerpt":{"rendered":"<p>\u00d6lk\u0259mizin h\u0259r qar\u0131\u015f torpa\u011f\u0131, h\u0259r bir abid\u0259si bizim \u00fc\u00e7\u00fcn qiym\u0259tlidir, d\u0259y\u0259rlidir v\u0259 \u0259v\u0259zedilm\u0259zdir. Babalar\u0131m\u0131z\u0131n biz\u0259 miras qoydu\u011fu bu abid\u0259l\u0259rin, h\u0259m\u00e7inin Alban abid\u0259l\u0259rinin t\u0259rkib hiss\u0259si olan \u201cKe\u015fik\u00e7ida\u011f\u201d qoru\u011funun da qorunub saxlanmas\u0131, g\u0259l\u0259c\u0259k n&#8230;<\/p>\n","protected":false},"author":1,"featured_media":0,"parent":0,"menu_order":0,"comment_status":"closed","ping_status":"closed","template":"","meta":[],"_links":{"self":[{"href":"https:\/\/keshikchidagh-heritage.az\/ru_RU\/wp-json\/wp\/v2\/pages\/3122"}],"collection":[{"href":"https:\/\/keshikchidagh-heritage.az\/ru_RU\/wp-json\/wp\/v2\/pages"}],"about":[{"href":"https:\/\/keshikchidagh-heritage.az\/ru_RU\/wp-json\/wp\/v2\/types\/page"}],"author":[{"embeddable":true,"href":"https:\/\/keshikchidagh-heritage.az\/ru_RU\/wp-json\/wp\/v2\/users\/1"}],"replies":[{"embeddable":true,"href":"https:\/\/keshikchidagh-heritage.az\/ru_RU\/wp-json\/wp\/v2\/comments?post=3122"}],"version-history":[{"count":9,"href":"https:\/\/keshikchidagh-heritage.az\/ru_RU\/wp-json\/wp\/v2\/pages\/3122\/revisions"}],"predecessor-version":[{"id":12264,"href":"https:\/\/keshikchidagh-heritage.az\/ru_RU\/wp-json\/wp\/v2\/pages\/3122\/revisions\/12264"}],"wp:attachment":[{"href":"https:\/\/keshikchidagh-heritage.az\/ru_RU\/wp-json\/wp\/v2\/media?parent=3122"}],"curies":[{"name":"wp","href":"https:\/\/api.w.org\/{rel}","templated":true}]}}