{"id":12183,"date":"2024-12-26T23:53:59","date_gmt":"2024-12-26T19:53:59","guid":{"rendered":"https:\/\/keshikchidagh-heritage.az\/az\/?page_id=12183"},"modified":"2025-03-06T04:34:33","modified_gmt":"2025-03-06T00:34:33","slug":"home-3","status":"publish","type":"page","link":"https:\/\/keshikchidagh-heritage.az\/ru_RU\/home-3","title":{"rendered":"\u0423\u0441\u0442\u0430\u0432"},"content":{"rendered":"<p style=\"text-align: right;\"><strong>Az\u0259rbaycan Respublikas\u0131n\u0131n Quba rayonunun X\u0131nal\u0131q k\u0259ndinin tarixi \u0259razisinin Az\u0259rbaycan Respublikas\u0131n\u0131n \u201cX\u0131nal\u0131q\u201d D\u00f6vl\u0259t tarix-memarl\u0131q v\u0259 etnoqrafiya qoru\u011fu v\u0259 A\u011fstafa rayonunun \u0259razisind\u0259 Ke\u015fik\u00e7ida\u011f silsil\u0259sinin bir hiss\u0259sini \u0259hat\u0259 ed\u0259n ma\u011faralar kompleksinin Az\u0259rbaycan Respublikas\u0131n\u0131n \u201cKe\u015fik\u00e7ida\u011f\u201d D\u00f6vl\u0259t tarix-m\u0259d\u0259niyy\u0259t qoru\u011fu elan edilm\u0259si haqq\u0131nda Az\u0259rbaycan Respublikas\u0131 Prezidentinin S\u0259r\u0259ncam\u0131<\/strong><!--more--><\/p>\n<div><img decoding=\"async\" loading=\"lazy\" class=\"wp-image-9400 size-medium alignleft\" style=\"float: left;\" src=\"https:\/\/keshikchidagh-heritage.az\/wp-content\/uploads\/2023\/03\/serencam-300x187.jpg\" alt=\"\" width=\"300\" height=\"187\" srcset=\"https:\/\/keshikchidagh-heritage.az\/wp-content\/uploads\/2023\/03\/serencam-300x187.jpg 300w, https:\/\/keshikchidagh-heritage.az\/wp-content\/uploads\/2023\/03\/serencam-768x479.jpg 768w, https:\/\/keshikchidagh-heritage.az\/wp-content\/uploads\/2023\/03\/serencam.jpg 850w\" sizes=\"(max-width: 300px) 100vw, 300px\" \/>Q\u0259dim tarix\u0259 malik, d\u0259niz s\u0259viyy\u0259sind\u0259n 2300 metr y\u00fcks\u0259klikd\u0259 yerl\u0259\u015f\u0259n X\u0131nal\u0131q k\u0259ndi \u00f6z\u00fcn\u0259m\u0259xsus co\u011frafi m\u00f6vqey\u0259 v\u0259 unikal memarl\u0131q g\u00f6rk\u0259min\u0259 malikdir. Burada orta \u0259srl\u0259r\u0259 aid At\u0259\u015fp\u0259r\u0259st m\u0259b\u0259di, X\u0131d\u0131r N\u0259bi t\u00fcrb\u0259si, \u015eeyx \u015ealbuz, \u018fbu M\u00fcslim m\u0259scidl\u0259ri, ma\u011faralar v\u0259 \u00e7ox sayda \u00f6yr\u0259nilm\u0259mi\u015f arxeoloji abid\u0259l\u0259r m\u00f6vcuddur. A\u011fstafa rayonunda yerl\u0259\u015f\u0259n Ke\u015fik\u00e7ida\u011f ma\u011faralar kompleksi d\u0259 t\u0259kraredilm\u0259z relyef\u0259, t\u0259bi\u0259t\u0259 malik v\u0259 \u00e7oxsayl\u0131 arxeoloji abid\u0259l\u0259rl\u0259 z\u0259ngin olan m\u0259d\u0259ni-tarixi \u0259razidir. Ulu \u0259cdadlar\u0131m\u0131z\u0131n sitayi\u015f v\u0259 s\u0131\u011f\u0131nacaq yeri olan ma\u011faralar bu g\u00fcn\u0259 q\u0259d\u0259r qorunmu\u015fdur. Bu tarix v\u0259 m\u0259d\u0259niyy\u0259t abid\u0259l\u0259rinin qorunub saxlan\u0131lmas\u0131n\u0131 v\u0259 m\u00fchafiz\u0259sini t\u0259min etm\u0259k m\u0259qs\u0259di il\u0259 q\u0259rara al\u0131ram: 1. Az\u0259rbaycan Respublikas\u0131n\u0131n Quba rayonunun X\u0131nal\u0131q k\u0259ndinin tarixi \u0259razisi Az\u0259rbaycan Respublikas\u0131n\u0131n \u201cX\u0131nal\u0131q\u201d D\u00f6vl\u0259t tarix-memarl\u0131q v\u0259 etnoqrafiya qoru\u011fu elan edilsin. 2. Az\u0259rbaycan Respublikas\u0131n\u0131n A\u011fstafa rayonu \u0259razisind\u0259 Ke\u015fik\u00e7ida\u011f silsil\u0259sinin bir hiss\u0259sini \u0259hat\u0259 ed\u0259n ma\u011faralar kompleksi Az\u0259rbaycan Respublikas\u0131n\u0131n \u201cKe\u015fik\u00e7ida\u011f\u201d D\u00f6vl\u0259t tarix-m\u0259d\u0259niyy\u0259t qoru\u011fu elan edilsin. 3. Az\u0259rbaycan Respublikas\u0131n\u0131n \u201cX\u0131nal\u0131q\u201d D\u00f6vl\u0259t tarix-memarl\u0131q v\u0259 etnoqrafiya qoru\u011fu v\u0259 \u201cKe\u015fik\u00e7ida\u011f\u201d D\u00f6vl\u0259t tarix-m\u0259d\u0259niyy\u0259t qoru\u011fu Az\u0259rbaycan Respublikas\u0131n\u0131n M\u0259d\u0259niyy\u0259t v\u0259 Turizm Nazirliyinin tabeliyin\u0259 verilsin. 4. Az\u0259rbaycan Respublikas\u0131n\u0131n M\u0259d\u0259niyy\u0259t v\u0259 Turizm Nazirliyi \u00fc\u00e7 ay m\u00fcdd\u0259tind\u0259 Az\u0259rbaycan Respublikas\u0131n\u0131n \u201cX\u0131nal\u0131q\u201d D\u00f6vl\u0259t tarix-memarl\u0131q v\u0259 etnoqrafiya qoru\u011funun v\u0259 \u201cKe\u015fik\u00e7ida\u011f\u201d D\u00f6vl\u0259t tarix-m\u0259d\u0259niyy\u0259t qoru\u011funun \u0259sasnam\u0259 layih\u0259l\u0259rini, strukturlar\u0131 v\u0259 i\u015f\u00e7il\u0259rinin say h\u0259ddi bar\u0259d\u0259 t\u0259klifl\u0259rini haz\u0131rlay\u0131b Az\u0259rbaycan Respublikas\u0131n\u0131n Nazirl\u0259r Kabinetin\u0259 t\u0259qdim etsin. 5. Az\u0259rbaycan Respublikas\u0131n\u0131n Maliyy\u0259 Nazirliyi Az\u0259rbaycan Respublikas\u0131n\u0131n \u201cX\u0131nal\u0131q\u201d D\u00f6vl\u0259t tarix-memarl\u0131q v\u0259 etnoqrafiya qoru\u011funun v\u0259 \u201cKe\u015fik\u00e7ida\u011f\u201d D\u00f6vl\u0259t tarix-m\u0259d\u0259niyy\u0259t qoru\u011funun f\u0259aliyy\u0259ti il\u0259 ba\u011fl\u0131 t\u0259l\u0259b olunan z\u0259ruri x\u0259rcl\u0259rin Az\u0259rbaycan Respublikas\u0131n\u0131n 2008-ci il d\u00f6vl\u0259t b\u00fcdc\u0259sind\u0259 Az\u0259rbaycan Respublikas\u0131n\u0131n M\u0259d\u0259niyy\u0259t v\u0259 Turizm Nazirliyi \u00fc\u00e7\u00fcn n\u0259z\u0259rd\u0259 tutulmu\u015f m\u0259rk\u0259zl\u0259\u015fdirilmi\u015f x\u0259rcl\u0259r hesab\u0131na h\u0259yata ke\u00e7irilm\u0259sini t\u0259min etsin. 6. Az\u0259rbaycan Respublikas\u0131n\u0131n M\u0259d\u0259niyy\u0259t v\u0259 Turizm Nazirliyi \u00fc\u00e7 ay m\u00fcdd\u0259tind\u0259 Az\u0259rbaycan Milli Elml\u0259r Akademiyas\u0131, Az\u0259rbaycan Respublikas\u0131n\u0131n D\u00f6vl\u0259t Torpaq v\u0259 X\u0259rit\u0259\u00e7\u0259km\u0259 Komit\u0259si, m\u00fcvafiq olaraq Quba Rayon \u0130cra Hakimiyy\u0259ti v\u0259 A\u011fstafa Rayon \u0130cra Hakimiyy\u0259ti il\u0259 birlikd\u0259, m\u00fcvafiq olaraq Az\u0259rbaycan Respublikas\u0131n\u0131n \u201cX\u0131nal\u0131q\u201d D\u00f6vl\u0259t tarix-memarl\u0131q v\u0259 etnoqrafiya qoru\u011funun v\u0259 \u201cKe\u015fik\u00e7ida\u011f\u201d D\u00f6vl\u0259t tarix-m\u0259d\u0259niyy\u0259t qoru\u011funun m\u00fchafiz\u0259 zonalar\u0131n\u0131 \u0259ks etdirm\u0259kl\u0259 h\u0259min qoruqlar\u0131n s\u0259rh\u0259dl\u0259ri bar\u0259d\u0259 t\u0259klifl\u0259rini t\u0259sdiq \u00fc\u00e7\u00fcn Az\u0259rbaycan Respublikas\u0131n\u0131n Nazirl\u0259r Kabinetin\u0259 t\u0259qdim etsin. 7. Quba Rayon \u0130cra Hakimiyy\u0259ti v\u0259 A\u011fstafa Rayon \u0130cra Hakimiyy\u0259ti: 7.1. \u00fc\u00e7 ay m\u00fcdd\u0259tind\u0259 m\u00fcvafiq olaraq Az\u0259rbaycan Respublikas\u0131n\u0131n \u201cX\u0131nal\u0131q\u201d D\u00f6vl\u0259t tarix-memarl\u0131q v\u0259 etnoqrafiya qoru\u011funun v\u0259 \u201cKe\u015fik\u00e7ida\u011f\u201d D\u00f6vl\u0259t tarix-m\u0259d\u0259niyy\u0259t qoru\u011funun inzibati bina il\u0259 t\u0259min olunmas\u0131 \u00fc\u00e7\u00fcn z\u0259ruri t\u0259dbirl\u0259ri h\u0259yata ke\u00e7irsinl\u0259r; 7.2. aidiyy\u0259ti orqanlarla birlikd\u0259 qeyd edil\u0259n qoruqlar\u0131n m\u0259qs\u0259dl\u0259rin\u0259 uy\u011fun olmayan qanunsuz tikinti v\u0259 t\u0259s\u0259rr\u00fcfat i\u015fl\u0259rinin qar\u015f\u0131s\u0131n\u0131n al\u0131nmas\u0131 \u00fc\u00e7\u00fcn qanunvericiliy\u0259 uy\u011fun t\u0259xir\u0259sal\u0131nmaz t\u0259dbir l\u0259r g\u00f6rs\u00fcnl\u0259r. 8. Az\u0259rbaycan Respublikas\u0131n\u0131n Nazirl\u0259r Kabineti bu s\u0259r\u0259ncam\u0131n icras\u0131 il\u0259 ba\u011fl\u0131 maliyy\u0259 v\u0259saitinin ayr\u0131lmas\u0131n\u0131 t\u0259min etsin v\u0259 bu s\u0259r\u0259ncamdan ir\u0259li g\u0259l\u0259n dig\u0259r m\u0259s\u0259l\u0259l\u0259ri h\u0259ll etsin. 9.Bu s\u0259r\u0259ncam imzaland\u0131\u011f\u0131 g\u00fcnd\u0259n q\u00fcvv\u0259y\u0259 minir.<\/div>\n<div>\u00a0<\/div>\n<div>\n<p style=\"text-align: right;\"><strong>Az\u0259rbaycan Respublikas\u0131n\u0131n Prezidenti \u0130lham \u018fliyev Bak\u0131 \u015f\u0259h\u0259ri, 19 dekabr 2007-ci il<\/strong><\/p>\n<\/div>\n","protected":false},"excerpt":{"rendered":"<p>Az\u0259rbaycan Respublikas\u0131n\u0131n Quba rayonunun X\u0131nal\u0131q k\u0259ndinin tarixi \u0259razisinin Az\u0259rbaycan Respublikas\u0131n\u0131n \u201cX\u0131nal\u0131q\u201d D\u00f6vl\u0259t tarix-memarl\u0131q v\u0259 etnoqrafiya qoru\u011fu v\u0259 A\u011fstafa rayonunun \u0259razisind\u0259 Ke\u015fik\u00e7ida\u011f silsil\u0259sini&#8230;<\/p>\n","protected":false},"author":1,"featured_media":0,"parent":0,"menu_order":0,"comment_status":"closed","ping_status":"closed","template":"","meta":[],"_links":{"self":[{"href":"https:\/\/keshikchidagh-heritage.az\/ru_RU\/wp-json\/wp\/v2\/pages\/12183"}],"collection":[{"href":"https:\/\/keshikchidagh-heritage.az\/ru_RU\/wp-json\/wp\/v2\/pages"}],"about":[{"href":"https:\/\/keshikchidagh-heritage.az\/ru_RU\/wp-json\/wp\/v2\/types\/page"}],"author":[{"embeddable":true,"href":"https:\/\/keshikchidagh-heritage.az\/ru_RU\/wp-json\/wp\/v2\/users\/1"}],"replies":[{"embeddable":true,"href":"https:\/\/keshikchidagh-heritage.az\/ru_RU\/wp-json\/wp\/v2\/comments?post=12183"}],"version-history":[{"count":5,"href":"https:\/\/keshikchidagh-heritage.az\/ru_RU\/wp-json\/wp\/v2\/pages\/12183\/revisions"}],"predecessor-version":[{"id":12324,"href":"https:\/\/keshikchidagh-heritage.az\/ru_RU\/wp-json\/wp\/v2\/pages\/12183\/revisions\/12324"}],"wp:attachment":[{"href":"https:\/\/keshikchidagh-heritage.az\/ru_RU\/wp-json\/wp\/v2\/media?parent=12183"}],"curies":[{"name":"wp","href":"https:\/\/api.w.org\/{rel}","templated":true}]}}