{"id":3082,"date":"2017-11-18T12:10:47","date_gmt":"2017-11-18T12:10:47","guid":{"rendered":"https:\/\/crestaproject.com\/demo\/fresco\/?page_id=5"},"modified":"2020-05-25T21:05:44","modified_gmt":"2020-05-25T17:05:44","slug":"home-2","status":"publish","type":"page","link":"https:\/\/keshikchidagh-heritage.az\/en_US\/home-2","title":{"rendered":"Home"},"content":{"rendered":"<p>A\u011fstafa rayonunun h\u0259r b\u00f6lg\u0259sind\u0259 q\u0259dim insanlar\u0131n ya\u015fay\u0131\u015f\u0131n\u0131, m\u0259d\u0259niyy\u0259tini t\u0259sdiq ed\u0259n abid\u0259l\u0259r, ya\u015fay\u0131\u015f m\u0259sk\u0259nl\u0259ri, s\u0131\u011f\u0131nacaqlar var. Ancaq rayon \u0259razisind\u0259 yen\u0259 d\u0259 tarix\u00e7il\u0259rin, t\u0259dqiqat\u00e7\u0131lar\u0131n ara\u015fd\u0131rmalar\u0131na ehtiyac duyulan, sirl\u0259rl\u0259 dolu olan,\u00a0 tarixi h\u0259l\u0259 d\u0259 \u00f6z\u00fcnd\u0259 saxlayan ulu \u0259cdadlar\u0131m\u0131z\u0131n s\u0131\u011f\u0131nacaq\u00a0 yerl\u0259ri v\u0259 uzun \u0259srl\u0259r boyu\u00a0 davaml\u0131 ya\u015fay\u0131\u015f m\u0259sk\u0259nl\u0259rimiz var.Bu q\u0259dim ya\u015fay\u0131\u015f m\u0259sk\u0259nl\u0259rind\u0259 tariximizin q\u0259dim izl\u0259ri, h\u0259min \u0259razid\u0259 ya\u015fayan, s\u0131\u011f\u0131nacaq tapan insanlar\u0131n ya\u015fay\u0131\u015f t\u0259rzi, inanclar\u0131, maddi-m\u0259d\u0259ni abid\u0259l\u0259rd\u0259 \u00f6z \u0259ksini tapm\u0131\u015fd\u0131r.Bel\u0259 sirli, d\u0259rin ara\u015fd\u0131rmaya ehtiyac duyulan ya\u015fay\u0131\u015f m\u0259sk\u0259nl\u0259rind\u0259n biri d\u0259 rayonun \u0259razisind\u0259 yerl\u0259\u015f\u0259n \u201cKe\u015fik\u00e7ida\u011f\u201d ma\u011faralar kompleksidir.<\/p>\n","protected":false},"excerpt":{"rendered":"<p>&#8230;<\/p>\n","protected":false},"author":1,"featured_media":1741,"parent":0,"menu_order":0,"comment_status":"closed","ping_status":"closed","template":"","meta":[],"_links":{"self":[{"href":"https:\/\/keshikchidagh-heritage.az\/en_US\/wp-json\/wp\/v2\/pages\/3082"}],"collection":[{"href":"https:\/\/keshikchidagh-heritage.az\/en_US\/wp-json\/wp\/v2\/pages"}],"about":[{"href":"https:\/\/keshikchidagh-heritage.az\/en_US\/wp-json\/wp\/v2\/types\/page"}],"author":[{"embeddable":true,"href":"https:\/\/keshikchidagh-heritage.az\/en_US\/wp-json\/wp\/v2\/users\/1"}],"replies":[{"embeddable":true,"href":"https:\/\/keshikchidagh-heritage.az\/en_US\/wp-json\/wp\/v2\/comments?post=3082"}],"version-history":[{"count":3,"href":"https:\/\/keshikchidagh-heritage.az\/en_US\/wp-json\/wp\/v2\/pages\/3082\/revisions"}],"predecessor-version":[{"id":3119,"href":"https:\/\/keshikchidagh-heritage.az\/en_US\/wp-json\/wp\/v2\/pages\/3082\/revisions\/3119"}],"wp:featuredmedia":[{"embeddable":true,"href":"https:\/\/keshikchidagh-heritage.az\/en_US\/wp-json\/wp\/v2\/media\/1741"}],"wp:attachment":[{"href":"https:\/\/keshikchidagh-heritage.az\/en_US\/wp-json\/wp\/v2\/media?parent=3082"}],"curies":[{"name":"wp","href":"https:\/\/api.w.org\/{rel}","templated":true}]}}