{"id":74,"date":"2017-11-05T13:44:05","date_gmt":"2017-11-05T09:44:05","guid":{"rendered":"http:\/\/keshikchidaq.az\/wp\/?page_id=74"},"modified":"2023-03-14T15:36:30","modified_gmt":"2023-03-14T11:36:30","slug":"home","status":"publish","type":"page","link":"https:\/\/keshikchidagh-heritage.az\/az\/home","title":{"rendered":"S\u0259r\u0259ncam"},"content":{"rendered":"<p style=\"text-align: right;\"><strong>Az\u0259rbaycan Respublikas\u0131n\u0131n Quba rayonunun X\u0131nal\u0131q k\u0259ndinin tarixi \u0259razisinin Az\u0259rbaycan Respublikas\u0131n\u0131n \u201cX\u0131nal\u0131q\u201d D\u00f6vl\u0259t tarix-memarl\u0131q v\u0259 etnoqrafiya qoru\u011fu v\u0259 A\u011fstafa rayonunun \u0259razisind\u0259 Ke\u015fik\u00e7ida\u011f silsil\u0259sinin bir hiss\u0259sini \u0259hat\u0259 ed\u0259n ma\u011faralar kompleksinin Az\u0259rbaycan Respublikas\u0131n\u0131n \u201cKe\u015fik\u00e7ida\u011f\u201d D\u00f6vl\u0259t tarix-m\u0259d\u0259niyy\u0259t qoru\u011fu elan edilm\u0259si haqq\u0131nda Az\u0259rbaycan Respublikas\u0131 Prezidentinin S\u0259r\u0259ncam\u0131<\/strong> <a href=\"https:\/\/keshikchidagh-heritage.az\/az\/home#more-74\" class=\"more-link\">Daha \u00e7ox g\u00f6st\u0259r<\/a><\/p>\n","protected":false},"excerpt":{"rendered":"<p style=\"text-align: right;\"><strong>Az\u0259rbaycan Respublikas\u0131n\u0131n Quba rayonunun X\u0131nal\u0131q k\u0259ndinin tarixi \u0259razisinin Az\u0259rbaycan Respublikas\u0131n\u0131n \u201cX\u0131nal\u0131q\u201d D\u00f6vl\u0259t tarix-memarl\u0131q v\u0259 etnoqrafiya qoru\u011fu v\u0259 A\u011fstafa rayonunun \u0259razisind\u0259 Ke\u015fik\u00e7ida\u011f silsil\u0259sini&#8230;<\/p>\n","protected":false},"author":1,"featured_media":0,"parent":0,"menu_order":0,"comment_status":"closed","ping_status":"closed","template":"","meta":[],"_links":{"self":[{"href":"https:\/\/keshikchidagh-heritage.az\/az\/wp-json\/wp\/v2\/pages\/74"}],"collection":[{"href":"https:\/\/keshikchidagh-heritage.az\/az\/wp-json\/wp\/v2\/pages"}],"about":[{"href":"https:\/\/keshikchidagh-heritage.az\/az\/wp-json\/wp\/v2\/types\/page"}],"author":[{"embeddable":true,"href":"https:\/\/keshikchidagh-heritage.az\/az\/wp-json\/wp\/v2\/users\/1"}],"replies":[{"embeddable":true,"href":"https:\/\/keshikchidagh-heritage.az\/az\/wp-json\/wp\/v2\/comments?post=74"}],"version-history":[{"count":52,"href":"https:\/\/keshikchidagh-heritage.az\/az\/wp-json\/wp\/v2\/pages\/74\/revisions"}],"predecessor-version":[{"id":9419,"href":"https:\/\/keshikchidagh-heritage.az\/az\/wp-json\/wp\/v2\/pages\/74\/revisions\/9419"}],"wp:attachment":[{"href":"https:\/\/keshikchidagh-heritage.az\/az\/wp-json\/wp\/v2\/media?parent=74"}],"curies":[{"name":"wp","href":"https:\/\/api.w.org\/{rel}","templated":true}]}}