{"id":3634,"date":"2021-02-10T15:55:48","date_gmt":"2021-02-10T11:55:48","guid":{"rendered":"http:\/\/keshikchidagh-heritage.az\/?page_id=3634"},"modified":"2021-02-10T15:59:21","modified_gmt":"2021-02-10T11:59:21","slug":"360tur","status":"publish","type":"page","link":"https:\/\/keshikchidagh-heritage.az\/az\/360tur","title":{"rendered":"\u201cKe\u015fik\u00e7ida\u011f\u201d virtual tur (360)"},"content":{"rendered":"<p><iframe loading=\"lazy\" class=\"iframe_el\" src=\"..\/..\/tour\/kesikcitur.html\" width=\"100%\" height=\"750\" frameborder=\"0\" allowfullscreen=\"allowfullscreen\" data-mce-fragment=\"1\"><\/iframe><\/p>\n","protected":false},"excerpt":{"rendered":"<p>&#8230;<\/p>\n","protected":false},"author":1,"featured_media":0,"parent":0,"menu_order":0,"comment_status":"closed","ping_status":"closed","template":"","meta":[],"_links":{"self":[{"href":"https:\/\/keshikchidagh-heritage.az\/az\/wp-json\/wp\/v2\/pages\/3634"}],"collection":[{"href":"https:\/\/keshikchidagh-heritage.az\/az\/wp-json\/wp\/v2\/pages"}],"about":[{"href":"https:\/\/keshikchidagh-heritage.az\/az\/wp-json\/wp\/v2\/types\/page"}],"author":[{"embeddable":true,"href":"https:\/\/keshikchidagh-heritage.az\/az\/wp-json\/wp\/v2\/users\/1"}],"replies":[{"embeddable":true,"href":"https:\/\/keshikchidagh-heritage.az\/az\/wp-json\/wp\/v2\/comments?post=3634"}],"version-history":[{"count":3,"href":"https:\/\/keshikchidagh-heritage.az\/az\/wp-json\/wp\/v2\/pages\/3634\/revisions"}],"predecessor-version":[{"id":3637,"href":"https:\/\/keshikchidagh-heritage.az\/az\/wp-json\/wp\/v2\/pages\/3634\/revisions\/3637"}],"wp:attachment":[{"href":"https:\/\/keshikchidagh-heritage.az\/az\/wp-json\/wp\/v2\/media?parent=3634"}],"curies":[{"name":"wp","href":"https:\/\/api.w.org\/{rel}","templated":true}]}}