{"id":3018,"date":"2020-05-19T00:02:04","date_gmt":"2020-05-18T20:02:04","guid":{"rendered":"http:\/\/keshikchidagh-heritage.az\/?page_id=3018"},"modified":"2024-12-28T20:36:50","modified_gmt":"2024-12-28T16:36:50","slug":"kesikcidag-dovl%c9%99t-tarix-m%c9%99d%c9%99niyy%c9%99t-qorugu","status":"publish","type":"page","link":"https:\/\/keshikchidagh-heritage.az\/az\/kesikcidag-dovl%c9%99t-tarix-m%c9%99d%c9%99niyy%c9%99t-qorugu","title":{"rendered":"slider"},"content":{"rendered":"<h1 style=\"text-align: center; color: white;\">\u201cKe\u015fik\u00e7ida\u011f\u201d D\u00f6vl\u0259t tarix-m\u0259d\u0259niyy\u0259t qoru\u011fu<\/h1>\n","protected":false},"excerpt":{"rendered":"<p>&#8230;<\/p>\n","protected":false},"author":1,"featured_media":3062,"parent":0,"menu_order":0,"comment_status":"closed","ping_status":"closed","template":"","meta":[],"_links":{"self":[{"href":"https:\/\/keshikchidagh-heritage.az\/az\/wp-json\/wp\/v2\/pages\/3018"}],"collection":[{"href":"https:\/\/keshikchidagh-heritage.az\/az\/wp-json\/wp\/v2\/pages"}],"about":[{"href":"https:\/\/keshikchidagh-heritage.az\/az\/wp-json\/wp\/v2\/types\/page"}],"author":[{"embeddable":true,"href":"https:\/\/keshikchidagh-heritage.az\/az\/wp-json\/wp\/v2\/users\/1"}],"replies":[{"embeddable":true,"href":"https:\/\/keshikchidagh-heritage.az\/az\/wp-json\/wp\/v2\/comments?post=3018"}],"version-history":[{"count":10,"href":"https:\/\/keshikchidagh-heritage.az\/az\/wp-json\/wp\/v2\/pages\/3018\/revisions"}],"predecessor-version":[{"id":12261,"href":"https:\/\/keshikchidagh-heritage.az\/az\/wp-json\/wp\/v2\/pages\/3018\/revisions\/12261"}],"wp:featuredmedia":[{"embeddable":true,"href":"https:\/\/keshikchidagh-heritage.az\/az\/wp-json\/wp\/v2\/media\/3062"}],"wp:attachment":[{"href":"https:\/\/keshikchidagh-heritage.az\/az\/wp-json\/wp\/v2\/media?parent=3018"}],"curies":[{"name":"wp","href":"https:\/\/api.w.org\/{rel}","templated":true}]}}