{"id":14555,"date":"2025-11-26T14:37:28","date_gmt":"2025-11-26T10:37:28","guid":{"rendered":"https:\/\/keshikchidagh-heritage.az\/?page_id=14555"},"modified":"2025-11-27T14:46:09","modified_gmt":"2025-11-27T10:46:09","slug":"qazax-1-inci-psixologiya-v%c9%99-nitq-m%c9%99rk%c9%99zinin-xususi-qaygiya-ehtiyaci-olan-usaqlarinin-kesikcidagdovl%c9%99t-tarix-m%c9%99d%c9%99niyy%c9%99t-qorugunun-inzibati-binasina-ekskursiya","status":"publish","type":"page","link":"https:\/\/keshikchidagh-heritage.az\/az\/qazax-1-inci-psixologiya-v%c9%99-nitq-m%c9%99rk%c9%99zinin-xususi-qaygiya-ehtiyaci-olan-usaqlarinin-kesikcidagdovl%c9%99t-tarix-m%c9%99d%c9%99niyy%c9%99t-qorugunun-inzibati-binasina-ekskursiya","title":{"rendered":"Qazax \"1 \u0130nci Psixologiya v\u0259 Nitq M\u0259rk\u0259zi\"nin x\u00fcsusi qay\u011f\u0131ya ehtiyac\u0131 olan u\u015faqlar\u0131n\u0131n \"Ke\u015fik\u00e7ida\u011f\"D\u00f6vl\u0259t tarix-m\u0259d\u0259niyy\u0259t qoru\u011funun inzibati binas\u0131na ekskursiyas\u0131ndan g\u00f6r\u00fcnt\u00fcl\u0259r"},"content":{"rendered":"","protected":false},"excerpt":{"rendered":"<p>wy_hshcytiq<\/p>\n","protected":false},"author":1,"featured_media":0,"parent":0,"menu_order":0,"comment_status":"closed","ping_status":"closed","template":"","meta":[],"_links":{"self":[{"href":"https:\/\/keshikchidagh-heritage.az\/az\/wp-json\/wp\/v2\/pages\/14555"}],"collection":[{"href":"https:\/\/keshikchidagh-heritage.az\/az\/wp-json\/wp\/v2\/pages"}],"about":[{"href":"https:\/\/keshikchidagh-heritage.az\/az\/wp-json\/wp\/v2\/types\/page"}],"author":[{"embeddable":true,"href":"https:\/\/keshikchidagh-heritage.az\/az\/wp-json\/wp\/v2\/users\/1"}],"replies":[{"embeddable":true,"href":"https:\/\/keshikchidagh-heritage.az\/az\/wp-json\/wp\/v2\/comments?post=14555"}],"version-history":[{"count":3,"href":"https:\/\/keshikchidagh-heritage.az\/az\/wp-json\/wp\/v2\/pages\/14555\/revisions"}],"predecessor-version":[{"id":14558,"href":"https:\/\/keshikchidagh-heritage.az\/az\/wp-json\/wp\/v2\/pages\/14555\/revisions\/14558"}],"wp:attachment":[{"href":"https:\/\/keshikchidagh-heritage.az\/az\/wp-json\/wp\/v2\/media?parent=14555"}],"curies":[{"name":"wp","href":"https:\/\/api.w.org\/{rel}","templated":true}]}}